{"id":10,"date":"2018-08-26T06:46:47","date_gmt":"2018-08-26T06:46:47","guid":{"rendered":"http:\/\/matskapet.eriksenprocare.no\/?page_id=10"},"modified":"2019-06-18T18:00:05","modified_gmt":"2019-06-18T18:00:05","slug":"kontakt-oss","status":"publish","type":"page","link":"https:\/\/matskapet.eriksenprocare.no\/index.php\/kontakt-oss\/","title":{"rendered":"Kontakt meg"},"content":{"rendered":"<p>Har du tips eller triks som du synes b\u00f8r v\u00e6re med p\u00e5 denne siden s\u00e5 er det kjempefint om du sender det p\u00e5 en epost til meg p\u00e5 eriksenfoto@gmail.com<\/p>\n","protected":false},"excerpt":{"rendered":"<p>Har du tips eller triks som du synes b\u00f8r v\u00e6re med p\u00e5 denne siden s\u00e5 er det kjempefint om du sender det p\u00e5 en epost til meg p\u00e5 eriksenfoto@gmail.com<\/p>\n","protected":false},"author":1,"featured_media":0,"parent":0,"menu_order":0,"comment_status":"closed","ping_status":"closed","template":"","meta":{"footnotes":""},"class_list":["post-10","page","type-page","status-publish"],"_links":{"self":[{"href":"https:\/\/matskapet.eriksenprocare.no\/index.php\/wp-json\/wp\/v2\/pages\/10","targetHints":{"allow":["GET"]}}],"collection":[{"href":"https:\/\/matskapet.eriksenprocare.no\/index.php\/wp-json\/wp\/v2\/pages"}],"about":[{"href":"https:\/\/matskapet.eriksenprocare.no\/index.php\/wp-json\/wp\/v2\/types\/page"}],"author":[{"embeddable":true,"href":"https:\/\/matskapet.eriksenprocare.no\/index.php\/wp-json\/wp\/v2\/users\/1"}],"replies":[{"embeddable":true,"href":"https:\/\/matskapet.eriksenprocare.no\/index.php\/wp-json\/wp\/v2\/comments?post=10"}],"version-history":[{"count":4,"href":"https:\/\/matskapet.eriksenprocare.no\/index.php\/wp-json\/wp\/v2\/pages\/10\/revisions"}],"predecessor-version":[{"id":190,"href":"https:\/\/matskapet.eriksenprocare.no\/index.php\/wp-json\/wp\/v2\/pages\/10\/revisions\/190"}],"wp:attachment":[{"href":"https:\/\/matskapet.eriksenprocare.no\/index.php\/wp-json\/wp\/v2\/media?parent=10"}],"curies":[{"name":"wp","href":"https:\/\/api.w.org\/{rel}","templated":true}]}}