{"id":187,"date":"2019-06-18T17:53:54","date_gmt":"2019-06-18T17:53:54","guid":{"rendered":"http:\/\/matskapet.eriksenprocare.no\/?page_id=187"},"modified":"2020-03-17T16:52:58","modified_gmt":"2020-03-17T16:52:58","slug":"brosme","status":"publish","type":"page","link":"https:\/\/matskapet.eriksenprocare.no\/index.php\/brosme\/","title":{"rendered":"Brosme"},"content":{"rendered":"\n<p>Brosme er en veldig god fisk som er hvit i kj\u00f8ttet og er ypperlig til ovnsbaking og p\u00e5 grillplate.<\/p>\n\n\n\n<p><strong>Oppskrifter med brosme<\/strong><\/p>\n\n\n\n<p><a href=\"https:\/\/matskapet.eriksenprocare.no\/index.php\/2019\/01\/02\/ovnsbakt-brosme-penslet-med-rod-pesto-og-surret-med-serranoskinke\/\" target=\"_blank\" rel=\"noreferrer noopener\" aria-label=\" (\u00e5pner i en ny fane)\">Brosme med r\u00f8d pesto og surret med serranoskinke<\/a><\/p>\n","protected":false},"excerpt":{"rendered":"<p>Brosme er en veldig god fisk som er hvit i kj\u00f8ttet og er ypperlig til ovnsbaking og p\u00e5 grillplate. Oppskrifter med brosme Brosme med r\u00f8d pesto og surret med serranoskinke<\/p>\n","protected":false},"author":1,"featured_media":0,"parent":0,"menu_order":0,"comment_status":"closed","ping_status":"closed","template":"","meta":{"footnotes":""},"class_list":["post-187","page","type-page","status-publish"],"_links":{"self":[{"href":"https:\/\/matskapet.eriksenprocare.no\/index.php\/wp-json\/wp\/v2\/pages\/187","targetHints":{"allow":["GET"]}}],"collection":[{"href":"https:\/\/matskapet.eriksenprocare.no\/index.php\/wp-json\/wp\/v2\/pages"}],"about":[{"href":"https:\/\/matskapet.eriksenprocare.no\/index.php\/wp-json\/wp\/v2\/types\/page"}],"author":[{"embeddable":true,"href":"https:\/\/matskapet.eriksenprocare.no\/index.php\/wp-json\/wp\/v2\/users\/1"}],"replies":[{"embeddable":true,"href":"https:\/\/matskapet.eriksenprocare.no\/index.php\/wp-json\/wp\/v2\/comments?post=187"}],"version-history":[{"count":4,"href":"https:\/\/matskapet.eriksenprocare.no\/index.php\/wp-json\/wp\/v2\/pages\/187\/revisions"}],"predecessor-version":[{"id":510,"href":"https:\/\/matskapet.eriksenprocare.no\/index.php\/wp-json\/wp\/v2\/pages\/187\/revisions\/510"}],"wp:attachment":[{"href":"https:\/\/matskapet.eriksenprocare.no\/index.php\/wp-json\/wp\/v2\/media?parent=187"}],"curies":[{"name":"wp","href":"https:\/\/api.w.org\/{rel}","templated":true}]}}