{"id":191,"date":"2019-06-18T18:09:30","date_gmt":"2019-06-18T18:09:30","guid":{"rendered":"http:\/\/matskapet.eriksenprocare.no\/?page_id=191"},"modified":"2019-06-18T18:09:31","modified_gmt":"2019-06-18T18:09:31","slug":"agurk","status":"publish","type":"page","link":"https:\/\/matskapet.eriksenprocare.no\/index.php\/agurk\/","title":{"rendered":"Agurk"},"content":{"rendered":"\n<p> God gr\u00f8nnsak som brukes mye i salater, til taco og som garnityr p\u00e5 kj\u00f8ttp\u00e5legg. \u00a0 <\/p>\n","protected":false},"excerpt":{"rendered":"<p>God gr\u00f8nnsak som brukes mye i salater, til taco og som garnityr p\u00e5 kj\u00f8ttp\u00e5legg. \u00a0<\/p>\n","protected":false},"author":1,"featured_media":0,"parent":0,"menu_order":0,"comment_status":"closed","ping_status":"closed","template":"","meta":{"footnotes":""},"class_list":["post-191","page","type-page","status-publish"],"_links":{"self":[{"href":"https:\/\/matskapet.eriksenprocare.no\/index.php\/wp-json\/wp\/v2\/pages\/191","targetHints":{"allow":["GET"]}}],"collection":[{"href":"https:\/\/matskapet.eriksenprocare.no\/index.php\/wp-json\/wp\/v2\/pages"}],"about":[{"href":"https:\/\/matskapet.eriksenprocare.no\/index.php\/wp-json\/wp\/v2\/types\/page"}],"author":[{"embeddable":true,"href":"https:\/\/matskapet.eriksenprocare.no\/index.php\/wp-json\/wp\/v2\/users\/1"}],"replies":[{"embeddable":true,"href":"https:\/\/matskapet.eriksenprocare.no\/index.php\/wp-json\/wp\/v2\/comments?post=191"}],"version-history":[{"count":1,"href":"https:\/\/matskapet.eriksenprocare.no\/index.php\/wp-json\/wp\/v2\/pages\/191\/revisions"}],"predecessor-version":[{"id":192,"href":"https:\/\/matskapet.eriksenprocare.no\/index.php\/wp-json\/wp\/v2\/pages\/191\/revisions\/192"}],"wp:attachment":[{"href":"https:\/\/matskapet.eriksenprocare.no\/index.php\/wp-json\/wp\/v2\/media?parent=191"}],"curies":[{"name":"wp","href":"https:\/\/api.w.org\/{rel}","templated":true}]}}