{"id":194,"date":"2019-06-18T18:16:53","date_gmt":"2019-06-18T18:16:53","guid":{"rendered":"http:\/\/matskapet.eriksenprocare.no\/?page_id=194"},"modified":"2019-06-18T18:32:42","modified_gmt":"2019-06-18T18:32:42","slug":"fennikel","status":"publish","type":"page","link":"https:\/\/matskapet.eriksenprocare.no\/index.php\/fennikel\/","title":{"rendered":"Fennikel"},"content":{"rendered":"\n<p>\n\nFennikel smaker veldig godt til r\u00f8d fisk, kylling, lam, kalv og for\u00f8vrig veldig godt i rotmos&nbsp;<\/p>\n\n\n\n<p>Fiskesuppe, coleslaw, strimlet i salater, som seng til ovnsbakt fisk, woket kjapt til stekt fisk, gratineres<\/p>\n\n\n\n<p>Veldig godt i julesalat med snittet r\u00f8dk\u00e5l, hvitk\u00e5l, fennikkel, og appelsinfileter.&nbsp;Traneb\u00e6r er godt i salaten, eller granateple, gjerne hakkede n\u00f8tter og s\u00e5 saften fra appelsin og litt honning til dressing. Jeg har litt kvernet rosepepper eller sitronpepper og en liten klype maldonsalt i dressingen&nbsp;<\/p>\n\n\n\n<p>Veldig god bakt, ilag med s\u00f8tpotet, l\u00f8k, gresskar, hele ferske r\u00f8dbeter og hva ellers du liker&nbsp;<\/p>\n\n\n\n<p>Fl\u00f8tegratinert fenikkel (forvell den litt f\u00f8rst, s\u00e5 inn i stekeovn m fl\u00f8te og ost) eller som salat; osteh\u00f8vel-tynne skiver (bruk mandolin) sammen med kj\u00f8tt og saft av en appelsin og toppet med sorte oliven. Godt sammen med alt, men spesielt godt til stekte, grove p\u00f8lser m hvitl\u00f8k og litt chili. Du blir transportert til Sicilia p\u00e5 et \u00f8yeblikk!&nbsp;&nbsp;<\/p>\n\n\n\n<p>Stekes i olje sammen med hvitl\u00f8k og strimlet gulr\u00f8tter. Kjempegodt til fisk\u00a0 <\/p>\n\n\n\n<p>Oppskrifter med fennikel<\/p>\n\n\n\n<p><a href=\"https:\/\/matskapet.eriksenprocare.no\/index.php\/2019\/06\/18\/blaskjellsuppe\/\" target=\"_blank\" rel=\"noreferrer noopener\" aria-label=\"Bl\u00e5skjellsuppe (\u00e5pner i en ny fane)\">Bl\u00e5skjellsuppe<\/a><\/p>\n","protected":false},"excerpt":{"rendered":"<p>Fennikel smaker veldig godt til r\u00f8d fisk, kylling, lam, kalv og for\u00f8vrig veldig godt i rotmos&nbsp; Fiskesuppe, coleslaw, strimlet i salater, som seng til ovnsbakt fisk, woket kjapt til stekt fisk, gratineres Veldig godt i julesalat med snittet r\u00f8dk\u00e5l, hvitk\u00e5l, fennikkel, og appelsinfileter.&nbsp;Traneb\u00e6r er godt i salaten, eller granateple, gjerne hakkede n\u00f8tter og s\u00e5 saften &#8230; <a title=\"Fennikel\" class=\"read-more\" href=\"https:\/\/matskapet.eriksenprocare.no\/index.php\/fennikel\/\" aria-label=\"Read more about Fennikel\">Les mer<\/a><\/p>\n","protected":false},"author":1,"featured_media":0,"parent":0,"menu_order":0,"comment_status":"closed","ping_status":"closed","template":"","meta":{"footnotes":""},"class_list":["post-194","page","type-page","status-publish"],"_links":{"self":[{"href":"https:\/\/matskapet.eriksenprocare.no\/index.php\/wp-json\/wp\/v2\/pages\/194","targetHints":{"allow":["GET"]}}],"collection":[{"href":"https:\/\/matskapet.eriksenprocare.no\/index.php\/wp-json\/wp\/v2\/pages"}],"about":[{"href":"https:\/\/matskapet.eriksenprocare.no\/index.php\/wp-json\/wp\/v2\/types\/page"}],"author":[{"embeddable":true,"href":"https:\/\/matskapet.eriksenprocare.no\/index.php\/wp-json\/wp\/v2\/users\/1"}],"replies":[{"embeddable":true,"href":"https:\/\/matskapet.eriksenprocare.no\/index.php\/wp-json\/wp\/v2\/comments?post=194"}],"version-history":[{"count":4,"href":"https:\/\/matskapet.eriksenprocare.no\/index.php\/wp-json\/wp\/v2\/pages\/194\/revisions"}],"predecessor-version":[{"id":204,"href":"https:\/\/matskapet.eriksenprocare.no\/index.php\/wp-json\/wp\/v2\/pages\/194\/revisions\/204"}],"wp:attachment":[{"href":"https:\/\/matskapet.eriksenprocare.no\/index.php\/wp-json\/wp\/v2\/media?parent=194"}],"curies":[{"name":"wp","href":"https:\/\/api.w.org\/{rel}","templated":true}]}}