{"id":205,"date":"2019-06-18T18:47:53","date_gmt":"2019-06-18T18:47:53","guid":{"rendered":"http:\/\/matskapet.eriksenprocare.no\/?page_id=205"},"modified":"2019-06-18T18:55:10","modified_gmt":"2019-06-18T18:55:10","slug":"gulrot","status":"publish","type":"page","link":"https:\/\/matskapet.eriksenprocare.no\/index.php\/gulrot\/","title":{"rendered":"Gulrot"},"content":{"rendered":"\n<p>Gulrot er en veldig anvendelig gr\u00f8nnsak.<br><br>Spises r\u00e5 rett fra jorden, eller kan varmebehandles p\u00e5 mange forskjellige m\u00e5ter, kokes, stekes, bakes og grilles.<\/p>\n\n\n\n<p>Oppskrifter med gulrot<\/p>\n\n\n\n<p><a href=\"https:\/\/matskapet.eriksenprocare.no\/index.php\/2019\/01\/02\/gronnsaksstuing\/\" target=\"_blank\" rel=\"noreferrer noopener\" aria-label=\"Gr\u00f8nnsakstuing (\u00e5pner i en ny fane)\">Gr\u00f8nnsakstuing<\/a><\/p>\n","protected":false},"excerpt":{"rendered":"<p>Gulrot er en veldig anvendelig gr\u00f8nnsak. Spises r\u00e5 rett fra jorden, eller kan varmebehandles p\u00e5 mange forskjellige m\u00e5ter, kokes, stekes, bakes og grilles. Oppskrifter med gulrot Gr\u00f8nnsakstuing<\/p>\n","protected":false},"author":1,"featured_media":0,"parent":0,"menu_order":0,"comment_status":"closed","ping_status":"closed","template":"","meta":{"footnotes":""},"class_list":["post-205","page","type-page","status-publish"],"_links":{"self":[{"href":"https:\/\/matskapet.eriksenprocare.no\/index.php\/wp-json\/wp\/v2\/pages\/205","targetHints":{"allow":["GET"]}}],"collection":[{"href":"https:\/\/matskapet.eriksenprocare.no\/index.php\/wp-json\/wp\/v2\/pages"}],"about":[{"href":"https:\/\/matskapet.eriksenprocare.no\/index.php\/wp-json\/wp\/v2\/types\/page"}],"author":[{"embeddable":true,"href":"https:\/\/matskapet.eriksenprocare.no\/index.php\/wp-json\/wp\/v2\/users\/1"}],"replies":[{"embeddable":true,"href":"https:\/\/matskapet.eriksenprocare.no\/index.php\/wp-json\/wp\/v2\/comments?post=205"}],"version-history":[{"count":2,"href":"https:\/\/matskapet.eriksenprocare.no\/index.php\/wp-json\/wp\/v2\/pages\/205\/revisions"}],"predecessor-version":[{"id":209,"href":"https:\/\/matskapet.eriksenprocare.no\/index.php\/wp-json\/wp\/v2\/pages\/205\/revisions\/209"}],"wp:attachment":[{"href":"https:\/\/matskapet.eriksenprocare.no\/index.php\/wp-json\/wp\/v2\/media?parent=205"}],"curies":[{"name":"wp","href":"https:\/\/api.w.org\/{rel}","templated":true}]}}