{"id":212,"date":"2019-06-18T19:42:42","date_gmt":"2019-06-18T19:42:42","guid":{"rendered":"http:\/\/matskapet.eriksenprocare.no\/?page_id=212"},"modified":"2019-06-18T20:00:20","modified_gmt":"2019-06-18T20:00:20","slug":"jordskokk","status":"publish","type":"page","link":"https:\/\/matskapet.eriksenprocare.no\/index.php\/jordskokk\/","title":{"rendered":"Jordskokk"},"content":{"rendered":"\n<p>Veldig god til\nsuppe og fritert i tynne skiver, saltes og spises som snacks.<\/p>\n\n\n\n<p>Jordskokken kan st\u00e5 i jorden h\u00f8stes gjennom hele vinteren. Kan v\u00e6re smart \u00e5 legge noe over pga frosten. Jordskokken t\u00e5ler frosten, men er vanskelig \u00e5 grave i frossen jord.<\/p>\n\n\n\n<p>Jordskokk kan gi en del luftproblemer og mageknipe. Litt dyvelsdrek\/hing i kokevannet kan hjelpe p\u00e5 dette. Dyvelsdrek kalles ogs\u00e5 djevelm\u00f8kk. <br>Eller bare koke jordskokken noen minutter f\u00f8r videre tilberedning kan ogs\u00e5 redusere luftproblemer. Kast kokevannet.<\/p>\n\n\n\n<p>Oppskrifter med jordskokk<br><br><a href=\"https:\/\/matskapet.eriksenprocare.no\/index.php\/2018\/09\/03\/jordskokk\/\" target=\"_blank\" rel=\"noreferrer noopener\" aria-label=\"Kremet jordskokksuppe med spekeskinke (\u00e5pner i en ny fane)\">Kremet jordskokksuppe med spekeskinke<\/a><\/p>\n","protected":false},"excerpt":{"rendered":"<p>Veldig god til suppe og fritert i tynne skiver, saltes og spises som snacks. Jordskokken kan st\u00e5 i jorden h\u00f8stes gjennom hele vinteren. Kan v\u00e6re smart \u00e5 legge noe over pga frosten. Jordskokken t\u00e5ler frosten, men er vanskelig \u00e5 grave i frossen jord. Jordskokk kan gi en del luftproblemer og mageknipe. Litt dyvelsdrek\/hing i kokevannet &#8230; <a title=\"Jordskokk\" class=\"read-more\" href=\"https:\/\/matskapet.eriksenprocare.no\/index.php\/jordskokk\/\" aria-label=\"Read more about Jordskokk\">Les mer<\/a><\/p>\n","protected":false},"author":1,"featured_media":0,"parent":0,"menu_order":0,"comment_status":"closed","ping_status":"closed","template":"","meta":{"footnotes":""},"class_list":["post-212","page","type-page","status-publish"],"_links":{"self":[{"href":"https:\/\/matskapet.eriksenprocare.no\/index.php\/wp-json\/wp\/v2\/pages\/212","targetHints":{"allow":["GET"]}}],"collection":[{"href":"https:\/\/matskapet.eriksenprocare.no\/index.php\/wp-json\/wp\/v2\/pages"}],"about":[{"href":"https:\/\/matskapet.eriksenprocare.no\/index.php\/wp-json\/wp\/v2\/types\/page"}],"author":[{"embeddable":true,"href":"https:\/\/matskapet.eriksenprocare.no\/index.php\/wp-json\/wp\/v2\/users\/1"}],"replies":[{"embeddable":true,"href":"https:\/\/matskapet.eriksenprocare.no\/index.php\/wp-json\/wp\/v2\/comments?post=212"}],"version-history":[{"count":5,"href":"https:\/\/matskapet.eriksenprocare.no\/index.php\/wp-json\/wp\/v2\/pages\/212\/revisions"}],"predecessor-version":[{"id":221,"href":"https:\/\/matskapet.eriksenprocare.no\/index.php\/wp-json\/wp\/v2\/pages\/212\/revisions\/221"}],"wp:attachment":[{"href":"https:\/\/matskapet.eriksenprocare.no\/index.php\/wp-json\/wp\/v2\/media?parent=212"}],"curies":[{"name":"wp","href":"https:\/\/api.w.org\/{rel}","templated":true}]}}