{"id":242,"date":"2019-06-19T03:57:06","date_gmt":"2019-06-19T03:57:06","guid":{"rendered":"http:\/\/matskapet.eriksenprocare.no\/?page_id=242"},"modified":"2019-06-19T04:11:04","modified_gmt":"2019-06-19T04:11:04","slug":"brennesle","status":"publish","type":"page","link":"https:\/\/matskapet.eriksenprocare.no\/index.php\/brennesle\/","title":{"rendered":"Brennesle"},"content":{"rendered":"\n<p>Brennesle kan h\u00f8stes s\u00e5 fort den spirer til langt ut p\u00e5 sommeren. Bruk kun toppene p\u00e5 eldre planter.<\/p>\n\n\n\n<p>Oppskrifter<br><br><a href=\"https:\/\/matartikler.com\/na-er-det-ugress\/amp\/\" target=\"_blank\" rel=\"noreferrer noopener\" aria-label=\"Brenneslestuing (\u00e5pner i en ny fane)\">Brenneslestuing<\/a><\/p>\n\n\n\n<p><a href=\"https:\/\/matartikler.com\/na-er-det-ugress\/amp\/\" target=\"_blank\" rel=\"noreferrer noopener\" aria-label=\"Neslesuppe (\u00e5pner i en ny fane)\">Neslesuppe<\/a><\/p>\n","protected":false},"excerpt":{"rendered":"<p>Brennesle kan h\u00f8stes s\u00e5 fort den spirer til langt ut p\u00e5 sommeren. Bruk kun toppene p\u00e5 eldre planter. Oppskrifter Brenneslestuing Neslesuppe<\/p>\n","protected":false},"author":1,"featured_media":0,"parent":0,"menu_order":0,"comment_status":"closed","ping_status":"closed","template":"","meta":{"footnotes":""},"class_list":["post-242","page","type-page","status-publish"],"_links":{"self":[{"href":"https:\/\/matskapet.eriksenprocare.no\/index.php\/wp-json\/wp\/v2\/pages\/242","targetHints":{"allow":["GET"]}}],"collection":[{"href":"https:\/\/matskapet.eriksenprocare.no\/index.php\/wp-json\/wp\/v2\/pages"}],"about":[{"href":"https:\/\/matskapet.eriksenprocare.no\/index.php\/wp-json\/wp\/v2\/types\/page"}],"author":[{"embeddable":true,"href":"https:\/\/matskapet.eriksenprocare.no\/index.php\/wp-json\/wp\/v2\/users\/1"}],"replies":[{"embeddable":true,"href":"https:\/\/matskapet.eriksenprocare.no\/index.php\/wp-json\/wp\/v2\/comments?post=242"}],"version-history":[{"count":3,"href":"https:\/\/matskapet.eriksenprocare.no\/index.php\/wp-json\/wp\/v2\/pages\/242\/revisions"}],"predecessor-version":[{"id":260,"href":"https:\/\/matskapet.eriksenprocare.no\/index.php\/wp-json\/wp\/v2\/pages\/242\/revisions\/260"}],"wp:attachment":[{"href":"https:\/\/matskapet.eriksenprocare.no\/index.php\/wp-json\/wp\/v2\/media?parent=242"}],"curies":[{"name":"wp","href":"https:\/\/api.w.org\/{rel}","templated":true}]}}