{"id":250,"date":"2019-06-19T03:59:56","date_gmt":"2019-06-19T03:59:56","guid":{"rendered":"http:\/\/matskapet.eriksenprocare.no\/?page_id=250"},"modified":"2019-06-22T18:48:41","modified_gmt":"2019-06-22T18:48:41","slug":"mjodurt","status":"publish","type":"page","link":"https:\/\/matskapet.eriksenprocare.no\/index.php\/mjodurt\/","title":{"rendered":"Mj\u00f8durt"},"content":{"rendered":"\n<p>Informasjon<\/p>\n\n\n\n<p>Oppskrifter<br><br><a rel=\"noreferrer noopener\" aria-label=\"Mj\u00f8durtsirup (\u00e5pner i en ny fane)\" href=\"https:\/\/kirstenwinge.no\/2016\/07\/22\/mjodurtsirup\/\" target=\"_blank\">Mj\u00f8durtsirup<\/a><br><a rel=\"noreferrer noopener\" aria-label=\"Mj\u00f8durtpudding med bl\u00e5b\u00e6rkrem (\u00e5pner i en ny fane)\" href=\"https:\/\/matskapet.eriksenprocare.no\/index.php\/2019\/06\/22\/mjodurtpudding-med-blabaerkrem\/\" target=\"_blank\">Mj\u00f8durtpudding med bl\u00e5b\u00e6rkrem<\/a><br><a rel=\"noreferrer noopener\" href=\"https:\/\/matskapet.eriksenprocare.no\/index.php\/2019\/01\/01\/mjodurtsaft\/\" target=\"_blank\">Mj\u00f8durtsaft<\/a> <\/p>\n\n\n\n<p><\/p>\n","protected":false},"excerpt":{"rendered":"<p>Informasjon Oppskrifter Mj\u00f8durtsirupMj\u00f8durtpudding med bl\u00e5b\u00e6rkremMj\u00f8durtsaft<\/p>\n","protected":false},"author":1,"featured_media":0,"parent":0,"menu_order":0,"comment_status":"closed","ping_status":"closed","template":"","meta":{"footnotes":""},"class_list":["post-250","page","type-page","status-publish"],"_links":{"self":[{"href":"https:\/\/matskapet.eriksenprocare.no\/index.php\/wp-json\/wp\/v2\/pages\/250","targetHints":{"allow":["GET"]}}],"collection":[{"href":"https:\/\/matskapet.eriksenprocare.no\/index.php\/wp-json\/wp\/v2\/pages"}],"about":[{"href":"https:\/\/matskapet.eriksenprocare.no\/index.php\/wp-json\/wp\/v2\/types\/page"}],"author":[{"embeddable":true,"href":"https:\/\/matskapet.eriksenprocare.no\/index.php\/wp-json\/wp\/v2\/users\/1"}],"replies":[{"embeddable":true,"href":"https:\/\/matskapet.eriksenprocare.no\/index.php\/wp-json\/wp\/v2\/comments?post=250"}],"version-history":[{"count":5,"href":"https:\/\/matskapet.eriksenprocare.no\/index.php\/wp-json\/wp\/v2\/pages\/250\/revisions"}],"predecessor-version":[{"id":314,"href":"https:\/\/matskapet.eriksenprocare.no\/index.php\/wp-json\/wp\/v2\/pages\/250\/revisions\/314"}],"wp:attachment":[{"href":"https:\/\/matskapet.eriksenprocare.no\/index.php\/wp-json\/wp\/v2\/media?parent=250"}],"curies":[{"name":"wp","href":"https:\/\/api.w.org\/{rel}","templated":true}]}}