{"id":274,"date":"2019-06-19T18:39:44","date_gmt":"2019-06-19T18:39:44","guid":{"rendered":"http:\/\/matskapet.eriksenprocare.no\/?page_id=274"},"modified":"2020-03-16T17:05:36","modified_gmt":"2020-03-16T17:05:36","slug":"sauser","status":"publish","type":"page","link":"https:\/\/matskapet.eriksenprocare.no\/index.php\/sauser\/","title":{"rendered":"Sauser"},"content":{"rendered":"\n<p>Jeg har en stor lidenskap for sauser og vil her presentere et utvalg av mine egenkomponerte favoritter og oppskrifter hentet fra nettet og diverse publikasjoner. <\/p>\n\n\n\n<p>Oppskrifter<br><br><a rel=\"noreferrer noopener\" aria-label=\"Vilts (\u00e5pner i en ny fane)\" href=\"https:\/\/matskapet.eriksenprocare.no\/index.php\/2018\/12\/30\/viltsaus\/\" target=\"_blank\">Vilts<\/a><a href=\"https:\/\/matskapet.eriksenprocare.no\/index.php\/2018\/12\/30\/viltsaus\/\">aus<\/a><br><a aria-label=\" balsamico BBQ saus (\u00e5pner i en ny fane)\" href=\"https:\/\/matskapet.eriksenprocare.no\/index.php\/2018\/12\/30\/enkel-balsamico-bbq-saus\/\">Enkel<\/a><a rel=\"noreferrer noopener\" aria-label=\" balsamico BBQ saus (\u00e5pner i en ny fane)\" href=\"https:\/\/matskapet.eriksenprocare.no\/index.php\/2018\/12\/30\/enkel-balsamico-bbq-saus\/\" target=\"_blank\"> balsamico BBQ saus<\/a><br><a rel=\"noreferrer noopener\" aria-label=\"Saus med blomk\u00e5lsopp og gr\u00f8nn pepper (\u00e5pner i en ny fane)\" href=\"https:\/\/matskapet.eriksenprocare.no\/index.php\/2018\/09\/09\/saus-med-blomkalsopp-og-gronn-pepper-2\/\" target=\"_blank\">Saus med blomk\u00e5lsopp og gr\u00f8nn pepper<\/a><br><a rel=\"noreferrer noopener\" aria-label=\"Peppersaus (enkel) (\u00e5pner i en ny fane)\" href=\"https:\/\/matskapet.eriksenprocare.no\/index.php\/2018\/09\/03\/peppersaus\/\" target=\"_blank\">Peppersaus (enkel)<\/a><br><a rel=\"noreferrer noopener\" aria-label=\" (\u00e5pner i en ny fane)\" href=\"https:\/\/matskapet.eriksenprocare.no\/index.php\/2018\/12\/15\/peppersaus-pa-hvitvinseddik\/\" target=\"_blank\">Peppersaus p\u00e5 hvitvinseddik<\/a><br><a rel=\"noreferrer noopener\" aria-label=\" (\u00e5pner i en ny fane)\" href=\"https:\/\/matskapet.eriksenprocare.no\/index.php\/2018\/12\/06\/jalapenosaus-med-whiskey-og-hvitlok\/\" target=\"_blank\">Jalapenosaus med whiskey og hvitl\u00f8k<\/a><br><a href=\"https:\/\/matskapet.eriksenprocare.no\/index.php\/2019\/06\/22\/blomkal-bernaisesaus\/\">Blom<\/a><a rel=\"noreferrer noopener\" aria-label=\"k\u00e5l-bernaisesaus (\u00e5pner i en ny fane)\" href=\"https:\/\/matskapet.eriksenprocare.no\/index.php\/2019\/06\/22\/blomkal-bernaisesaus\/\" target=\"_blank\">k\u00e5l-bernaisesaus<\/a><\/p>\n\n\n\n<p><a rel=\"noreferrer noopener\" href=\"https:\/\/matskapet.eriksenprocare.no\/index.php\/2019\/06\/21\/romesco-saus\/\" target=\"_blank\">Romesco saus<\/a> <\/p>\n\n\n\n<p>Grillsauser<\/p>\n\n\n\n<p><a href=\"https:\/\/matskapet.eriksenprocare.no\/index.php\/2020\/02\/25\/grillsaus-til-svinenakke\/\" target=\"_blank\" rel=\"noreferrer noopener\" aria-label=\"Grillsaus til svinenakke (\u00e5pner i en ny fane)\">Grillsaus til svinenakke<\/a><\/p>\n\n\n\n<p><\/p>\n\n\n\n<p><br><\/p>\n","protected":false},"excerpt":{"rendered":"<p>Jeg har en stor lidenskap for sauser og vil her presentere et utvalg av mine egenkomponerte favoritter og oppskrifter hentet fra nettet og diverse publikasjoner. Oppskrifter ViltsausEnkel balsamico BBQ sausSaus med blomk\u00e5lsopp og gr\u00f8nn pepperPeppersaus (enkel)Peppersaus p\u00e5 hvitvinseddikJalapenosaus med whiskey og hvitl\u00f8kBlomk\u00e5l-bernaisesaus Romesco saus Grillsauser Grillsaus til svinenakke<\/p>\n","protected":false},"author":1,"featured_media":0,"parent":0,"menu_order":0,"comment_status":"closed","ping_status":"closed","template":"","meta":{"footnotes":""},"class_list":["post-274","page","type-page","status-publish"],"_links":{"self":[{"href":"https:\/\/matskapet.eriksenprocare.no\/index.php\/wp-json\/wp\/v2\/pages\/274","targetHints":{"allow":["GET"]}}],"collection":[{"href":"https:\/\/matskapet.eriksenprocare.no\/index.php\/wp-json\/wp\/v2\/pages"}],"about":[{"href":"https:\/\/matskapet.eriksenprocare.no\/index.php\/wp-json\/wp\/v2\/types\/page"}],"author":[{"embeddable":true,"href":"https:\/\/matskapet.eriksenprocare.no\/index.php\/wp-json\/wp\/v2\/users\/1"}],"replies":[{"embeddable":true,"href":"https:\/\/matskapet.eriksenprocare.no\/index.php\/wp-json\/wp\/v2\/comments?post=274"}],"version-history":[{"count":6,"href":"https:\/\/matskapet.eriksenprocare.no\/index.php\/wp-json\/wp\/v2\/pages\/274\/revisions"}],"predecessor-version":[{"id":467,"href":"https:\/\/matskapet.eriksenprocare.no\/index.php\/wp-json\/wp\/v2\/pages\/274\/revisions\/467"}],"wp:attachment":[{"href":"https:\/\/matskapet.eriksenprocare.no\/index.php\/wp-json\/wp\/v2\/media?parent=274"}],"curies":[{"name":"wp","href":"https:\/\/api.w.org\/{rel}","templated":true}]}}