{"id":281,"date":"2019-06-20T04:26:52","date_gmt":"2019-06-20T04:26:52","guid":{"rendered":"http:\/\/matskapet.eriksenprocare.no\/?page_id=281"},"modified":"2020-03-14T08:04:51","modified_gmt":"2020-03-14T08:04:51","slug":"tomat","status":"publish","type":"page","link":"https:\/\/matskapet.eriksenprocare.no\/index.php\/tomat\/","title":{"rendered":"Tomat"},"content":{"rendered":"\n<p>Tomater kan brukes til veldig mye. Brukes b\u00e5de som de er og varmebehandlet.<\/p>\n\n\n\n<p>Oppskrifter<\/p>\n\n\n\n<p><a rel=\"noreferrer noopener\" aria-label=\"Tomat med pesto p\u00e5 grillen (\u00e5pner i en ny fane)\" href=\"https:\/\/matskapet.eriksenprocare.no\/index.php\/2019\/06\/20\/tomat-med-pesto-pa-grillen\/\" target=\"_blank\">Tomat med pesto p\u00e5 grillen<\/a><br><a rel=\"noreferrer noopener\" aria-label=\"Enkel tomatsalat (\u00e5pner i en ny fane)\" href=\"https:\/\/matskapet.eriksenprocare.no\/index.php\/2019\/06\/20\/enkel-tomatsalat\/\" target=\"_blank\">Enkel tomatsalat<\/a><br><a rel=\"noreferrer noopener\" aria-label=\"Marinerte tomater (\u00e5pner i en ny fane)\" href=\"https:\/\/matskapet.eriksenprocare.no\/index.php\/2019\/06\/20\/marinerte-tomater\/\" target=\"_blank\">Marinerte tomater<\/a><br><a rel=\"noreferrer noopener\" aria-label=\"Tomat concasse (\u00e5pner i en ny fane)\" href=\"https:\/\/matskapet.eriksenprocare.no\/index.php\/2019\/06\/21\/tomat-concasse\/\" target=\"_blank\">Tomat concasse<\/a><br><a rel=\"noreferrer noopener\" aria-label=\"Romesco saus (\u00e5pner i en ny fane)\" href=\"https:\/\/matskapet.eriksenprocare.no\/index.php\/2019\/06\/21\/romesco-saus\/\" target=\"_blank\">Romesco saus<\/a><br><a rel=\"noreferrer noopener\" aria-label=\"Sudanesisk tomatsalat (\u00e5pner i en ny fane)\" href=\"https:\/\/matskapet.eriksenprocare.no\/index.php\/2019\/06\/21\/sudanesisk-tomatsalat-salata-tomatim-bel-daqua\/\" target=\"_blank\">Sudanesisk tomatsalat<\/a><br><a href=\"https:\/\/matskapet.eriksenprocare.no\/index.php\/2020\/03\/14\/halvtorkede-tomater\/\" target=\"_blank\" rel=\"noreferrer noopener\" aria-label=\"Halvt\u00f8rkede tomater (\u00e5pner i en ny fane)\">Halvt\u00f8rkede tomater<\/a><\/p>\n","protected":false},"excerpt":{"rendered":"<p>Tomater kan brukes til veldig mye. Brukes b\u00e5de som de er og varmebehandlet. Oppskrifter Tomat med pesto p\u00e5 grillenEnkel tomatsalatMarinerte tomaterTomat concasseRomesco sausSudanesisk tomatsalatHalvt\u00f8rkede tomater<\/p>\n","protected":false},"author":1,"featured_media":0,"parent":0,"menu_order":0,"comment_status":"closed","ping_status":"closed","template":"","meta":{"footnotes":""},"class_list":["post-281","page","type-page","status-publish"],"_links":{"self":[{"href":"https:\/\/matskapet.eriksenprocare.no\/index.php\/wp-json\/wp\/v2\/pages\/281","targetHints":{"allow":["GET"]}}],"collection":[{"href":"https:\/\/matskapet.eriksenprocare.no\/index.php\/wp-json\/wp\/v2\/pages"}],"about":[{"href":"https:\/\/matskapet.eriksenprocare.no\/index.php\/wp-json\/wp\/v2\/types\/page"}],"author":[{"embeddable":true,"href":"https:\/\/matskapet.eriksenprocare.no\/index.php\/wp-json\/wp\/v2\/users\/1"}],"replies":[{"embeddable":true,"href":"https:\/\/matskapet.eriksenprocare.no\/index.php\/wp-json\/wp\/v2\/comments?post=281"}],"version-history":[{"count":7,"href":"https:\/\/matskapet.eriksenprocare.no\/index.php\/wp-json\/wp\/v2\/pages\/281\/revisions"}],"predecessor-version":[{"id":419,"href":"https:\/\/matskapet.eriksenprocare.no\/index.php\/wp-json\/wp\/v2\/pages\/281\/revisions\/419"}],"wp:attachment":[{"href":"https:\/\/matskapet.eriksenprocare.no\/index.php\/wp-json\/wp\/v2\/media?parent=281"}],"curies":[{"name":"wp","href":"https:\/\/api.w.org\/{rel}","templated":true}]}}