{"id":322,"date":"2020-02-21T20:40:52","date_gmt":"2020-02-21T20:40:52","guid":{"rendered":"http:\/\/matskapet.eriksenprocare.no\/?page_id=322"},"modified":"2020-03-16T15:19:02","modified_gmt":"2020-03-16T15:19:02","slug":"laker","status":"publish","type":"page","link":"https:\/\/matskapet.eriksenprocare.no\/index.php\/laker\/","title":{"rendered":"Laker"},"content":{"rendered":"\n<p><a href=\"https:\/\/matskapet.eriksenprocare.no\/index.php\/2020\/02\/21\/lake-til-ribbe-og-svinenakke\/\">Lake til ribbe og svinenakke<\/a> En enkel lake som passer godt til svinekj\u00f8tt f\u00f8r stekeovn, sousvide eller grill.<\/p>\n\n\n\n<p><a href=\"https:\/\/matskapet.eriksenprocare.no\/index.php\/2020\/02\/24\/krydret-lake-vikingsplass\/\" target=\"_blank\" rel=\"noreferrer noopener\" aria-label=\"Krydderlake Vikingsplass (\u00e5pner i en ny fane)\">Krydderlake Vikingsplass<\/a> Denne passer veldig godt til svinenakke f\u00f8r sousvide og tilslutt en runde p\u00e5 grillen penslet med grillsaus.<\/p>\n","protected":false},"excerpt":{"rendered":"<p>Lake til ribbe og svinenakke En enkel lake som passer godt til svinekj\u00f8tt f\u00f8r stekeovn, sousvide eller grill. Krydderlake Vikingsplass Denne passer veldig godt til svinenakke f\u00f8r sousvide og tilslutt en runde p\u00e5 grillen penslet med grillsaus.<\/p>\n","protected":false},"author":1,"featured_media":0,"parent":0,"menu_order":0,"comment_status":"closed","ping_status":"closed","template":"","meta":{"footnotes":""},"class_list":["post-322","page","type-page","status-publish"],"_links":{"self":[{"href":"https:\/\/matskapet.eriksenprocare.no\/index.php\/wp-json\/wp\/v2\/pages\/322","targetHints":{"allow":["GET"]}}],"collection":[{"href":"https:\/\/matskapet.eriksenprocare.no\/index.php\/wp-json\/wp\/v2\/pages"}],"about":[{"href":"https:\/\/matskapet.eriksenprocare.no\/index.php\/wp-json\/wp\/v2\/types\/page"}],"author":[{"embeddable":true,"href":"https:\/\/matskapet.eriksenprocare.no\/index.php\/wp-json\/wp\/v2\/users\/1"}],"replies":[{"embeddable":true,"href":"https:\/\/matskapet.eriksenprocare.no\/index.php\/wp-json\/wp\/v2\/comments?post=322"}],"version-history":[{"count":6,"href":"https:\/\/matskapet.eriksenprocare.no\/index.php\/wp-json\/wp\/v2\/pages\/322\/revisions"}],"predecessor-version":[{"id":440,"href":"https:\/\/matskapet.eriksenprocare.no\/index.php\/wp-json\/wp\/v2\/pages\/322\/revisions\/440"}],"wp:attachment":[{"href":"https:\/\/matskapet.eriksenprocare.no\/index.php\/wp-json\/wp\/v2\/media?parent=322"}],"curies":[{"name":"wp","href":"https:\/\/api.w.org\/{rel}","templated":true}]}}