{"id":327,"date":"2020-02-22T11:30:34","date_gmt":"2020-02-22T11:30:34","guid":{"rendered":"http:\/\/matskapet.eriksenprocare.no\/?page_id=327"},"modified":"2020-02-22T11:45:24","modified_gmt":"2020-02-22T11:45:24","slug":"ramslok","status":"publish","type":"page","link":"https:\/\/matskapet.eriksenprocare.no\/index.php\/ramslok\/","title":{"rendered":"Ramsl\u00f8k"},"content":{"rendered":"\n<p>Diverse oppskrifter med ramsl\u00f8k<\/p>\n\n\n\n<p><a rel=\"noreferrer noopener\" aria-label=\"Ramsl\u00f8kpure (\u00e5pner i en ny fane)\" href=\"https:\/\/matskapet.eriksenprocare.no\/index.php\/2020\/02\/22\/ramslokpure\/\" target=\"_blank\">Ramsl\u00f8kpure<\/a> Bruk den som den er, eller bland med sm\u00f8r og server til f.eks grillmat.<br><a href=\"https:\/\/matskapet.eriksenprocare.no\/index.php\/2020\/02\/22\/ramslokolje\/\" target=\"_blank\" rel=\"noreferrer noopener\" aria-label=\"Ramsl\u00f8kolje (\u00e5pner i en ny fane)\">Ramsl\u00f8kolje<\/a><\/p>\n","protected":false},"excerpt":{"rendered":"<p>Diverse oppskrifter med ramsl\u00f8k Ramsl\u00f8kpure Bruk den som den er, eller bland med sm\u00f8r og server til f.eks grillmat.Ramsl\u00f8kolje<\/p>\n","protected":false},"author":1,"featured_media":0,"parent":0,"menu_order":0,"comment_status":"closed","ping_status":"closed","template":"","meta":{"footnotes":""},"class_list":["post-327","page","type-page","status-publish"],"_links":{"self":[{"href":"https:\/\/matskapet.eriksenprocare.no\/index.php\/wp-json\/wp\/v2\/pages\/327","targetHints":{"allow":["GET"]}}],"collection":[{"href":"https:\/\/matskapet.eriksenprocare.no\/index.php\/wp-json\/wp\/v2\/pages"}],"about":[{"href":"https:\/\/matskapet.eriksenprocare.no\/index.php\/wp-json\/wp\/v2\/types\/page"}],"author":[{"embeddable":true,"href":"https:\/\/matskapet.eriksenprocare.no\/index.php\/wp-json\/wp\/v2\/users\/1"}],"replies":[{"embeddable":true,"href":"https:\/\/matskapet.eriksenprocare.no\/index.php\/wp-json\/wp\/v2\/comments?post=327"}],"version-history":[{"count":4,"href":"https:\/\/matskapet.eriksenprocare.no\/index.php\/wp-json\/wp\/v2\/pages\/327\/revisions"}],"predecessor-version":[{"id":336,"href":"https:\/\/matskapet.eriksenprocare.no\/index.php\/wp-json\/wp\/v2\/pages\/327\/revisions\/336"}],"wp:attachment":[{"href":"https:\/\/matskapet.eriksenprocare.no\/index.php\/wp-json\/wp\/v2\/media?parent=327"}],"curies":[{"name":"wp","href":"https:\/\/api.w.org\/{rel}","templated":true}]}}