{"id":365,"date":"2020-02-27T05:27:52","date_gmt":"2020-02-27T05:27:52","guid":{"rendered":"http:\/\/matskapet.eriksenprocare.no\/?page_id=365"},"modified":"2020-03-17T15:42:03","modified_gmt":"2020-03-17T15:42:03","slug":"garnityr-og-tilbehor","status":"publish","type":"page","link":"https:\/\/matskapet.eriksenprocare.no\/index.php\/garnityr-og-tilbehor\/","title":{"rendered":"Garnityr og tilbeh\u00f8r"},"content":{"rendered":"\n<p>Her finner du tips og oppskrifter p\u00e5 garnityr og tilbeh\u00f8r som kan gj\u00f8re mange enkle retter spennende og smaksrike.<\/p>\n\n\n\n<p><a rel=\"noreferrer noopener\" aria-label=\"Jalapenokrem (\u00e5pner i en ny fane)\" href=\"https:\/\/matskapet.eriksenprocare.no\/index.php\/2020\/02\/27\/jalapenokrem\/\" target=\"_blank\">Jalapenokrem<\/a> Denne er god til taco eller som topping p\u00e5 en burger.<\/p>\n\n\n\n<p><a rel=\"noreferrer noopener\" aria-label=\"Gr\u00f8nnsakstuing (\u00e5pner i en ny fane)\" href=\"https:\/\/matskapet.eriksenprocare.no\/index.php\/2019\/01\/02\/gronnsaksstuing\/\" target=\"_blank\">Gr\u00f8nnsakstuing<\/a><\/p>\n\n\n\n<p><a rel=\"noreferrer noopener\" aria-label=\"Potetpure (\u00e5pner i en ny fane)\" href=\"https:\/\/matskapet.eriksenprocare.no\/index.php\/2019\/01\/02\/potetpure\/\" target=\"_blank\">Potetpure<\/a><\/p>\n\n\n\n<p><a rel=\"noreferrer noopener\" aria-label=\"Ovnstekte balsamico-l\u00f8k (\u00e5pner i en ny fane)\" href=\"https:\/\/matskapet.eriksenprocare.no\/index.php\/2020\/03\/14\/ovnstekt-balsamico-lok\/\" target=\"_blank\">Ovnstekt balsamico-l\u00f8k<\/a><\/p>\n\n\n\n<p> <a rel=\"noreferrer noopener\" href=\"https:\/\/matskapet.eriksenprocare.no\/index.php\/2019\/06\/20\/tomat-med-pesto-pa-grillen\/\" target=\"_blank\">Tomat med pesto p\u00e5 grillen<\/a> <\/p>\n\n\n\n<p> <a rel=\"noreferrer noopener\" href=\"https:\/\/matskapet.eriksenprocare.no\/index.php\/2019\/06\/20\/marinerte-tomater\/\" target=\"_blank\">Marinerte tomater<\/a> <\/p>\n\n\n\n<p> <a rel=\"noreferrer noopener\" href=\"https:\/\/matskapet.eriksenprocare.no\/index.php\/2019\/06\/21\/tomat-concasse\/\" target=\"_blank\">Tomat concasse<\/a> <\/p>\n\n\n\n<p> <a rel=\"noreferrer noopener\" href=\"https:\/\/matskapet.eriksenprocare.no\/index.php\/2020\/03\/14\/halvtorkede-tomater\/\" target=\"_blank\">Halvt\u00f8rkede tomater<\/a> <\/p>\n\n\n\n<p> <a rel=\"noreferrer noopener\" href=\"https:\/\/matskapet.eriksenprocare.no\/index.php\/2018\/10\/06\/piggsopp-med-hakkede-tomater-og-creme-fraiche\/\" target=\"_blank\">Piggsopp med hakkede tomater og creme fraiche<\/a> <\/p>\n\n\n\n<p> <a rel=\"noreferrer noopener\" href=\"https:\/\/matskapet.eriksenprocare.no\/index.php\/2018\/10\/06\/sjampinjong-med-hvitlok\/\" target=\"_blank\">Grillet sjampinjong med hvitl\u00f8k<\/a> <\/p>\n\n\n\n<p><a href=\"https:\/\/matskapet.eriksenprocare.no\/index.php\/2020\/03\/17\/brenneslestuing\/\" target=\"_blank\" rel=\"noreferrer noopener\" aria-label=\" (\u00e5pner i en ny fane)\"> Brenneslestuing <\/a><\/p>\n\n\n\n<p> <a rel=\"noreferrer noopener\" href=\"https:\/\/matskapet.eriksenprocare.no\/index.php\/2019\/06\/22\/geitramsgele\/\" target=\"_blank\">Geitramsgele<\/a> <\/p>\n\n\n\n<p> <a rel=\"noreferrer noopener\" href=\"https:\/\/matskapet.eriksenprocare.no\/index.php\/2020\/02\/22\/ramslokpure\/\" target=\"_blank\">Ramsl\u00f8kpure<\/a>&nbsp;Bruk den som den er, eller bland med sm\u00f8r og server til f.eks grillmat. <\/p>\n","protected":false},"excerpt":{"rendered":"<p>Her finner du tips og oppskrifter p\u00e5 garnityr og tilbeh\u00f8r som kan gj\u00f8re mange enkle retter spennende og smaksrike. Jalapenokrem Denne er god til taco eller som topping p\u00e5 en burger. Gr\u00f8nnsakstuing Potetpure Ovnstekt balsamico-l\u00f8k Tomat med pesto p\u00e5 grillen Marinerte tomater Tomat concasse Halvt\u00f8rkede tomater Piggsopp med hakkede tomater og creme fraiche Grillet sjampinjong &#8230; <a title=\"Garnityr og tilbeh\u00f8r\" class=\"read-more\" href=\"https:\/\/matskapet.eriksenprocare.no\/index.php\/garnityr-og-tilbehor\/\" aria-label=\"Read more about Garnityr og tilbeh\u00f8r\">Les mer<\/a><\/p>\n","protected":false},"author":1,"featured_media":0,"parent":0,"menu_order":0,"comment_status":"closed","ping_status":"closed","template":"","meta":{"footnotes":""},"class_list":["post-365","page","type-page","status-publish"],"_links":{"self":[{"href":"https:\/\/matskapet.eriksenprocare.no\/index.php\/wp-json\/wp\/v2\/pages\/365","targetHints":{"allow":["GET"]}}],"collection":[{"href":"https:\/\/matskapet.eriksenprocare.no\/index.php\/wp-json\/wp\/v2\/pages"}],"about":[{"href":"https:\/\/matskapet.eriksenprocare.no\/index.php\/wp-json\/wp\/v2\/types\/page"}],"author":[{"embeddable":true,"href":"https:\/\/matskapet.eriksenprocare.no\/index.php\/wp-json\/wp\/v2\/users\/1"}],"replies":[{"embeddable":true,"href":"https:\/\/matskapet.eriksenprocare.no\/index.php\/wp-json\/wp\/v2\/comments?post=365"}],"version-history":[{"count":16,"href":"https:\/\/matskapet.eriksenprocare.no\/index.php\/wp-json\/wp\/v2\/pages\/365\/revisions"}],"predecessor-version":[{"id":509,"href":"https:\/\/matskapet.eriksenprocare.no\/index.php\/wp-json\/wp\/v2\/pages\/365\/revisions\/509"}],"wp:attachment":[{"href":"https:\/\/matskapet.eriksenprocare.no\/index.php\/wp-json\/wp\/v2\/media?parent=365"}],"curies":[{"name":"wp","href":"https:\/\/api.w.org\/{rel}","templated":true}]}}