{"id":395,"date":"2020-03-12T06:45:59","date_gmt":"2020-03-12T06:45:59","guid":{"rendered":"http:\/\/matskapet.eriksenprocare.no\/?page_id=395"},"modified":"2020-03-18T04:21:36","modified_gmt":"2020-03-18T04:21:36","slug":"supper","status":"publish","type":"page","link":"https:\/\/matskapet.eriksenprocare.no\/index.php\/supper\/","title":{"rendered":"Supper"},"content":{"rendered":"\n<p><a rel=\"noreferrer noopener\" aria-label=\"Linsesuppe med spinat. (\u00e5pner i en ny fane)\" href=\"https:\/\/matskapet.eriksenprocare.no\/index.php\/2020\/03\/12\/linsesuppe-med-spinat\/\" target=\"_blank\">Linsesuppe med spinat.<\/a> Oppskrift fra Jemen<\/p>\n\n\n\n<p><a rel=\"noreferrer noopener\" aria-label=\"Gr\u00f8nnsaksuppe fra Jemen (\u00e5pner i en ny fane)\" href=\"https:\/\/matskapet.eriksenprocare.no\/index.php\/2020\/03\/12\/gronnsaksuppe-fra-jemen\/\" target=\"_blank\">Gr\u00f8nnsaksuppe fra Jemen<\/a><\/p>\n\n\n\n<p><a rel=\"noreferrer noopener\" aria-label=\"Bl\u00e5skjellsuppe (\u00e5pner i en ny fane)\" href=\"https:\/\/matskapet.eriksenprocare.no\/index.php\/2019\/06\/18\/blaskjellsuppe\/\" target=\"_blank\">Bl\u00e5skjellsuppe<\/a><\/p>\n\n\n\n<p><a rel=\"noreferrer noopener\" aria-label=\"Jordskokksuppe (\u00e5pner i en ny fane)\" href=\"https:\/\/matskapet.eriksenprocare.no\/index.php\/2018\/09\/03\/jordskokk\/\" target=\"_blank\">Jordskokksuppe<\/a><\/p>\n\n\n\n<p><a href=\"https:\/\/matskapet.eriksenprocare.no\/index.php\/2020\/03\/17\/brenneslesuppe\/\" target=\"_blank\" rel=\"noreferrer noopener\" aria-label=\"Brenneslesuppe (\u00e5pner i en ny fane)\">Brenneslesuppe<\/a><\/p>\n\n\n\n<p><a rel=\"noreferrer noopener\" href=\"https:\/\/matartikler.com\/na-er-det-ugress\/amp\/\" target=\"_blank\">Skvallerk\u00e5lsuppe<\/a> <\/p>\n\n\n\n<p><a href=\"https:\/\/matskapet.eriksenprocare.no\/index.php\/2020\/03\/17\/brennesle-og-skvallerkalsuppe\/\" target=\"_blank\" rel=\"noreferrer noopener\" aria-label=\" (\u00e5pner i en ny fane)\">Brennesle og skvallerk\u00e5lsuppe<\/a><br><br><br><br><\/p>\n","protected":false},"excerpt":{"rendered":"<p>Linsesuppe med spinat. Oppskrift fra Jemen Gr\u00f8nnsaksuppe fra Jemen Bl\u00e5skjellsuppe Jordskokksuppe Brenneslesuppe Skvallerk\u00e5lsuppe Brennesle og skvallerk\u00e5lsuppe<\/p>\n","protected":false},"author":1,"featured_media":0,"parent":0,"menu_order":0,"comment_status":"closed","ping_status":"closed","template":"","meta":{"footnotes":""},"class_list":["post-395","page","type-page","status-publish"],"_links":{"self":[{"href":"https:\/\/matskapet.eriksenprocare.no\/index.php\/wp-json\/wp\/v2\/pages\/395","targetHints":{"allow":["GET"]}}],"collection":[{"href":"https:\/\/matskapet.eriksenprocare.no\/index.php\/wp-json\/wp\/v2\/pages"}],"about":[{"href":"https:\/\/matskapet.eriksenprocare.no\/index.php\/wp-json\/wp\/v2\/types\/page"}],"author":[{"embeddable":true,"href":"https:\/\/matskapet.eriksenprocare.no\/index.php\/wp-json\/wp\/v2\/users\/1"}],"replies":[{"embeddable":true,"href":"https:\/\/matskapet.eriksenprocare.no\/index.php\/wp-json\/wp\/v2\/comments?post=395"}],"version-history":[{"count":11,"href":"https:\/\/matskapet.eriksenprocare.no\/index.php\/wp-json\/wp\/v2\/pages\/395\/revisions"}],"predecessor-version":[{"id":502,"href":"https:\/\/matskapet.eriksenprocare.no\/index.php\/wp-json\/wp\/v2\/pages\/395\/revisions\/502"}],"wp:attachment":[{"href":"https:\/\/matskapet.eriksenprocare.no\/index.php\/wp-json\/wp\/v2\/media?parent=395"}],"curies":[{"name":"wp","href":"https:\/\/api.w.org\/{rel}","templated":true}]}}