{"id":484,"date":"2020-03-16T21:24:07","date_gmt":"2020-03-16T21:24:07","guid":{"rendered":"http:\/\/matskapet.eriksenprocare.no\/?page_id=484"},"modified":"2020-03-16T21:24:07","modified_gmt":"2020-03-16T21:24:07","slug":"desserter","status":"publish","type":"page","link":"https:\/\/matskapet.eriksenprocare.no\/index.php\/desserter\/","title":{"rendered":"Desserter"},"content":{"rendered":"\n<p> <a rel=\"noreferrer noopener\" href=\"https:\/\/matskapet.eriksenprocare.no\/index.php\/2019\/06\/22\/mjodurtpudding-med-blabaerkrem\/\" target=\"_blank\">Mj\u00f8durtpudding med bl\u00e5b\u00e6rkrem<\/a> <\/p>\n","protected":false},"excerpt":{"rendered":"<p>Mj\u00f8durtpudding med bl\u00e5b\u00e6rkrem<\/p>\n","protected":false},"author":1,"featured_media":0,"parent":0,"menu_order":0,"comment_status":"closed","ping_status":"closed","template":"","meta":{"footnotes":""},"class_list":["post-484","page","type-page","status-publish"],"_links":{"self":[{"href":"https:\/\/matskapet.eriksenprocare.no\/index.php\/wp-json\/wp\/v2\/pages\/484","targetHints":{"allow":["GET"]}}],"collection":[{"href":"https:\/\/matskapet.eriksenprocare.no\/index.php\/wp-json\/wp\/v2\/pages"}],"about":[{"href":"https:\/\/matskapet.eriksenprocare.no\/index.php\/wp-json\/wp\/v2\/types\/page"}],"author":[{"embeddable":true,"href":"https:\/\/matskapet.eriksenprocare.no\/index.php\/wp-json\/wp\/v2\/users\/1"}],"replies":[{"embeddable":true,"href":"https:\/\/matskapet.eriksenprocare.no\/index.php\/wp-json\/wp\/v2\/comments?post=484"}],"version-history":[{"count":1,"href":"https:\/\/matskapet.eriksenprocare.no\/index.php\/wp-json\/wp\/v2\/pages\/484\/revisions"}],"predecessor-version":[{"id":485,"href":"https:\/\/matskapet.eriksenprocare.no\/index.php\/wp-json\/wp\/v2\/pages\/484\/revisions\/485"}],"wp:attachment":[{"href":"https:\/\/matskapet.eriksenprocare.no\/index.php\/wp-json\/wp\/v2\/media?parent=484"}],"curies":[{"name":"wp","href":"https:\/\/api.w.org\/{rel}","templated":true}]}}