{"id":8,"date":"2018-08-26T06:46:47","date_gmt":"2018-08-26T06:46:47","guid":{"rendered":"http:\/\/matskapet.eriksenprocare.no\/?page_id=8"},"modified":"2020-03-12T16:24:52","modified_gmt":"2020-03-12T16:24:52","slug":"hjem","status":"publish","type":"page","link":"https:\/\/matskapet.eriksenprocare.no\/","title":{"rendered":"Matskapet"},"content":{"rendered":"<p><b>Velkommen til Matskapet!<\/p>\n<p><em>For \u00e5 navigere p\u00e5 nettsiden.<\/em><br \/>\nFra PC: F\u00f8r musepekeren over de sm\u00e5 pilene til h\u00f8yre for de forskjellige kategoriene og klikk p\u00e5 \u00f8nsket ingrediens.<br \/>\nFra mobil: Klikk p\u00e5 de sm\u00e5 pilene for \u00e5 \u00e5pne undermenyene.<\/b><\/p>\n<h2><em>Denne siden er helt ny. Det er derfor ikke s\u00e5 veldig mye \u00e5 finne her enda, men f\u00f8lg med fremover \ud83d\ude42<\/em><\/h2>\n<p><b>Dette er en annerledes matside hvor det er fokus p\u00e5 hva man kan gj\u00f8re med de enkelte ingredienser, r\u00e5varer og det man ellers m\u00e5tte ha liggende hjemme av matrester og u\u00e5pnede produkter. <\/b><\/p>\n<p><b>De fleste matsider fokuserer oftest p\u00e5 oppskriftene og hva man trenger i dem og fremgangsm\u00e5ten ved tilberedning.<\/b><\/p>\n<p><b>Det er ikke noe galt med det, men ofte s\u00e5 \u00e5pner en kj\u00f8leskapet eller fryseboksen og ser matrestene fra i g\u00e5r og kanskje ogs\u00e5 litt gr\u00f8nnsaker eller vakumpakkede varer fra i fjor\u2026.s\u00e5 tenker en\u2026.\u00bbhva kan jeg gj\u00f8re med dette? Er jo for galt \u00e5 kaste alt dette.\u00bb<\/b><\/p>\n<p><b>Da sl\u00e5r du opp den aktuelle gr\u00f8nnsaken eller varen fra menyen under \u00abHva kan jeg gj\u00f8re med?\u00bb og ser om du kan finne noen gode tips. Har du gode tips du vil dele med andre s\u00e5 m\u00e5 du gjerne sende de til meg, s\u00e5 kan jeg legge dem ut her.<\/b><\/p>\n","protected":false},"excerpt":{"rendered":"<p>Velkommen til Matskapet! For \u00e5 navigere p\u00e5 nettsiden. Fra PC: F\u00f8r musepekeren over de sm\u00e5 pilene til h\u00f8yre for de forskjellige kategoriene og klikk p\u00e5 \u00f8nsket ingrediens. Fra mobil: Klikk p\u00e5 de sm\u00e5 pilene for \u00e5 \u00e5pne undermenyene. Denne siden er helt ny. Det er derfor ikke s\u00e5 veldig mye \u00e5 finne her enda, men &#8230; <a title=\"Matskapet\" class=\"read-more\" href=\"https:\/\/matskapet.eriksenprocare.no\/\" aria-label=\"Read more about Matskapet\">Les mer<\/a><\/p>\n","protected":false},"author":1,"featured_media":0,"parent":0,"menu_order":0,"comment_status":"closed","ping_status":"closed","template":"","meta":{"footnotes":""},"class_list":["post-8","page","type-page","status-publish"],"_links":{"self":[{"href":"https:\/\/matskapet.eriksenprocare.no\/index.php\/wp-json\/wp\/v2\/pages\/8","targetHints":{"allow":["GET"]}}],"collection":[{"href":"https:\/\/matskapet.eriksenprocare.no\/index.php\/wp-json\/wp\/v2\/pages"}],"about":[{"href":"https:\/\/matskapet.eriksenprocare.no\/index.php\/wp-json\/wp\/v2\/types\/page"}],"author":[{"embeddable":true,"href":"https:\/\/matskapet.eriksenprocare.no\/index.php\/wp-json\/wp\/v2\/users\/1"}],"replies":[{"embeddable":true,"href":"https:\/\/matskapet.eriksenprocare.no\/index.php\/wp-json\/wp\/v2\/comments?post=8"}],"version-history":[{"count":6,"href":"https:\/\/matskapet.eriksenprocare.no\/index.php\/wp-json\/wp\/v2\/pages\/8\/revisions"}],"predecessor-version":[{"id":402,"href":"https:\/\/matskapet.eriksenprocare.no\/index.php\/wp-json\/wp\/v2\/pages\/8\/revisions\/402"}],"wp:attachment":[{"href":"https:\/\/matskapet.eriksenprocare.no\/index.php\/wp-json\/wp\/v2\/media?parent=8"}],"curies":[{"name":"wp","href":"https:\/\/api.w.org\/{rel}","templated":true}]}}